{"id":36,"date":"2025-09-21T20:04:55","date_gmt":"2025-09-21T18:04:55","guid":{"rendered":"https:\/\/parlonsdedemain.net\/?page_id=36"},"modified":"2026-01-07T10:09:03","modified_gmt":"2026-01-07T09:09:03","slug":"les-rencontres-du-bouchardais","status":"publish","type":"page","link":"https:\/\/parlonsdedemain.net\/index.php\/les-rencontres-du-bouchardais\/","title":{"rendered":"Les Rencontres du Bouchardais"},"content":{"rendered":"\n<p>S&#8217;appuyant sur l&#8217;association Parlons de Demain cr\u00e9\u00e9e en 2013 par Marc, Laurence et L\u00e9o, les Rencontres ont exist\u00e9 jusqu&#8217;en 2016.. Il s&#8217;agissait de d\u00e9couvrir un territoire, de rassembler les acteurs int\u00e9ress\u00e9s par les probl\u00e8mes \u00e9cologiques et de r\u00e9fl\u00e9chir ensemble aux probl\u00e8mes pos\u00e9 par le changement climatique, cr\u00e9er une dynamique locale de revalorisation du territoire.<\/p>\n\n\n\n<figure class=\"wp-block-gallery has-nested-images columns-4 is-cropped wp-block-gallery-1 is-layout-flex wp-block-gallery-is-layout-flex\">\n<figure class=\"wp-block-image size-large\"><img decoding=\"async\" data-id=\"5615\" src=\"http:\/\/mauvy-lolon.net\/wp-content\/uploads\/2021\/09\/100_2575-1024x768.jpg\" alt=\"\" class=\"wp-image-5615\"\/><\/figure>\n\n\n\n<figure class=\"wp-block-image size-large\"><img decoding=\"async\" data-id=\"5610\" src=\"http:\/\/mauvy-lolon.net\/wp-content\/uploads\/2021\/09\/100_2346-1024x768.jpg\" alt=\"\" class=\"wp-image-5610\"\/><\/figure>\n\n\n\n<figure class=\"wp-block-image size-large\"><img decoding=\"async\" data-id=\"5613\" src=\"http:\/\/mauvy-lolon.net\/wp-content\/uploads\/2021\/09\/100_2536-1024x768.jpg\" alt=\"\" class=\"wp-image-5613\"\/><\/figure>\n\n\n\n<figure class=\"wp-block-image size-large\"><img decoding=\"async\" data-id=\"5617\" src=\"http:\/\/mauvy-lolon.net\/wp-content\/uploads\/2021\/09\/leocentralePV-1024x576.jpg\" alt=\"\" class=\"wp-image-5617\"\/><\/figure>\n\n\n\n<figure class=\"wp-block-image size-large\"><img decoding=\"async\" data-id=\"5614\" src=\"http:\/\/mauvy-lolon.net\/wp-content\/uploads\/2021\/09\/100_2546-1024x768.jpg\" alt=\"\" class=\"wp-image-5614\"\/><\/figure>\n\n\n\n<figure class=\"wp-block-image size-large\"><img decoding=\"async\" data-id=\"5611\" src=\"http:\/\/mauvy-lolon.net\/wp-content\/uploads\/2021\/09\/100_2473-1024x768.jpg\" alt=\"\" class=\"wp-image-5611\"\/><\/figure>\n\n\n\n<figure class=\"wp-block-image size-large\"><img decoding=\"async\" data-id=\"5612\" src=\"http:\/\/mauvy-lolon.net\/wp-content\/uploads\/2021\/09\/100_2491-1024x768.jpg\" alt=\"\" class=\"wp-image-5612\"\/><\/figure>\n\n\n\n<figure class=\"wp-block-image size-large\"><img decoding=\"async\" data-id=\"5616\" src=\"http:\/\/mauvy-lolon.net\/wp-content\/uploads\/2021\/09\/la-cave-de-Panzoult-7-1024x768.jpg\" alt=\"\" class=\"wp-image-5616\"\/><\/figure>\n<\/figure>\n\n\n\n<p><\/p>\n","protected":false},"excerpt":{"rendered":"","protected":false},"author":1,"featured_media":0,"parent":0,"menu_order":0,"comment_status":"closed","ping_status":"closed","template":"","meta":{"footnotes":""},"class_list":["post-36","page","type-page","status-publish","hentry","comments-off"],"_links":{"self":[{"href":"https:\/\/parlonsdedemain.net\/index.php\/wp-json\/wp\/v2\/pages\/36","targetHints":{"allow":["GET"]}}],"collection":[{"href":"https:\/\/parlonsdedemain.net\/index.php\/wp-json\/wp\/v2\/pages"}],"about":[{"href":"https:\/\/parlonsdedemain.net\/index.php\/wp-json\/wp\/v2\/types\/page"}],"author":[{"embeddable":true,"href":"https:\/\/parlonsdedemain.net\/index.php\/wp-json\/wp\/v2\/users\/1"}],"replies":[{"embeddable":true,"href":"https:\/\/parlonsdedemain.net\/index.php\/wp-json\/wp\/v2\/comments?post=36"}],"version-history":[{"count":5,"href":"https:\/\/parlonsdedemain.net\/index.php\/wp-json\/wp\/v2\/pages\/36\/revisions"}],"predecessor-version":[{"id":441,"href":"https:\/\/parlonsdedemain.net\/index.php\/wp-json\/wp\/v2\/pages\/36\/revisions\/441"}],"wp:attachment":[{"href":"https:\/\/parlonsdedemain.net\/index.php\/wp-json\/wp\/v2\/media?parent=36"}],"curies":[{"name":"wp","href":"https:\/\/api.w.org\/{rel}","templated":true}]}}