{"id":608,"date":"2026-01-23T12:22:32","date_gmt":"2026-01-23T11:22:32","guid":{"rendered":"https:\/\/parlonsdedemain.net\/?page_id=608"},"modified":"2026-01-23T12:24:04","modified_gmt":"2026-01-23T11:24:04","slug":"en-quete-de-sens-bourgueil","status":"publish","type":"page","link":"https:\/\/parlonsdedemain.net\/index.php\/en-quete-de-sens-bourgueil\/","title":{"rendered":"En qu\u00eate de sens, Bourgueil"},"content":{"rendered":"\n<p>A l&#8217;occasion de la projection du film &#8220;En qu\u00eate de sens&#8221;, Parlons de Demain et Nature Cr\u00e9ative ont organis\u00e9 une petite exposition pour illustrer le film.<\/p>\n\n\n\n<figure class=\"wp-block-gallery has-nested-images columns-default is-cropped wp-block-gallery-1 is-layout-flex wp-block-gallery-is-layout-flex\">\n<figure class=\"wp-block-image size-large\"><img loading=\"lazy\" decoding=\"async\" width=\"1024\" height=\"768\" data-id=\"607\" src=\"https:\/\/parlonsdedemain.net\/wp-content\/uploads\/2026\/01\/DSCN4129-1024x768.jpg\" alt=\"\" class=\"wp-image-607\" srcset=\"https:\/\/parlonsdedemain.net\/wp-content\/uploads\/2026\/01\/DSCN4129-1024x768.jpg 1024w, https:\/\/parlonsdedemain.net\/wp-content\/uploads\/2026\/01\/DSCN4129-300x225.jpg 300w, https:\/\/parlonsdedemain.net\/wp-content\/uploads\/2026\/01\/DSCN4129-768x576.jpg 768w, https:\/\/parlonsdedemain.net\/wp-content\/uploads\/2026\/01\/DSCN4129-1536x1152.jpg 1536w, https:\/\/parlonsdedemain.net\/wp-content\/uploads\/2026\/01\/DSCN4129-2048x1536.jpg 2048w, https:\/\/parlonsdedemain.net\/wp-content\/uploads\/2026\/01\/DSCN4129-600x450.jpg 600w\" sizes=\"auto, (max-width: 1024px) 100vw, 1024px\" \/><\/figure>\n\n\n\n<figure class=\"wp-block-image size-large\"><img loading=\"lazy\" decoding=\"async\" width=\"1024\" height=\"768\" data-id=\"606\" src=\"https:\/\/parlonsdedemain.net\/wp-content\/uploads\/2026\/01\/DSCN4128-1024x768.jpg\" alt=\"\" class=\"wp-image-606\" srcset=\"https:\/\/parlonsdedemain.net\/wp-content\/uploads\/2026\/01\/DSCN4128-1024x768.jpg 1024w, https:\/\/parlonsdedemain.net\/wp-content\/uploads\/2026\/01\/DSCN4128-300x225.jpg 300w, https:\/\/parlonsdedemain.net\/wp-content\/uploads\/2026\/01\/DSCN4128-768x576.jpg 768w, https:\/\/parlonsdedemain.net\/wp-content\/uploads\/2026\/01\/DSCN4128-1536x1152.jpg 1536w, https:\/\/parlonsdedemain.net\/wp-content\/uploads\/2026\/01\/DSCN4128-2048x1536.jpg 2048w, https:\/\/parlonsdedemain.net\/wp-content\/uploads\/2026\/01\/DSCN4128-600x450.jpg 600w\" sizes=\"auto, (max-width: 1024px) 100vw, 1024px\" \/><\/figure>\n\n\n\n<figure class=\"wp-block-image size-large\"><img loading=\"lazy\" decoding=\"async\" width=\"1024\" height=\"768\" data-id=\"605\" src=\"https:\/\/parlonsdedemain.net\/wp-content\/uploads\/2026\/01\/DSCN4127-1024x768.jpg\" alt=\"\" class=\"wp-image-605\" srcset=\"https:\/\/parlonsdedemain.net\/wp-content\/uploads\/2026\/01\/DSCN4127-1024x768.jpg 1024w, https:\/\/parlonsdedemain.net\/wp-content\/uploads\/2026\/01\/DSCN4127-300x225.jpg 300w, https:\/\/parlonsdedemain.net\/wp-content\/uploads\/2026\/01\/DSCN4127-768x576.jpg 768w, https:\/\/parlonsdedemain.net\/wp-content\/uploads\/2026\/01\/DSCN4127-1536x1152.jpg 1536w, https:\/\/parlonsdedemain.net\/wp-content\/uploads\/2026\/01\/DSCN4127-2048x1536.jpg 2048w, https:\/\/parlonsdedemain.net\/wp-content\/uploads\/2026\/01\/DSCN4127-600x450.jpg 600w\" sizes=\"auto, (max-width: 1024px) 100vw, 1024px\" \/><\/figure>\n\n\n\n<figure class=\"wp-block-image size-large\"><img loading=\"lazy\" decoding=\"async\" width=\"1024\" height=\"768\" data-id=\"602\" src=\"https:\/\/parlonsdedemain.net\/wp-content\/uploads\/2026\/01\/DSCN4094-1024x768.jpg\" alt=\"\" class=\"wp-image-602\" srcset=\"https:\/\/parlonsdedemain.net\/wp-content\/uploads\/2026\/01\/DSCN4094-1024x768.jpg 1024w, https:\/\/parlonsdedemain.net\/wp-content\/uploads\/2026\/01\/DSCN4094-300x225.jpg 300w, https:\/\/parlonsdedemain.net\/wp-content\/uploads\/2026\/01\/DSCN4094-768x576.jpg 768w, https:\/\/parlonsdedemain.net\/wp-content\/uploads\/2026\/01\/DSCN4094-1536x1152.jpg 1536w, https:\/\/parlonsdedemain.net\/wp-content\/uploads\/2026\/01\/DSCN4094-2048x1536.jpg 2048w, https:\/\/parlonsdedemain.net\/wp-content\/uploads\/2026\/01\/DSCN4094-600x450.jpg 600w\" sizes=\"auto, (max-width: 1024px) 100vw, 1024px\" \/><\/figure>\n\n\n\n<figure class=\"wp-block-image size-large\"><img loading=\"lazy\" decoding=\"async\" width=\"1024\" height=\"768\" data-id=\"600\" src=\"https:\/\/parlonsdedemain.net\/wp-content\/uploads\/2026\/01\/DSCN4114-1024x768.jpg\" alt=\"\" class=\"wp-image-600\" srcset=\"https:\/\/parlonsdedemain.net\/wp-content\/uploads\/2026\/01\/DSCN4114-1024x768.jpg 1024w, https:\/\/parlonsdedemain.net\/wp-content\/uploads\/2026\/01\/DSCN4114-300x225.jpg 300w, https:\/\/parlonsdedemain.net\/wp-content\/uploads\/2026\/01\/DSCN4114-768x576.jpg 768w, https:\/\/parlonsdedemain.net\/wp-content\/uploads\/2026\/01\/DSCN4114-1536x1152.jpg 1536w, https:\/\/parlonsdedemain.net\/wp-content\/uploads\/2026\/01\/DSCN4114-2048x1536.jpg 2048w, https:\/\/parlonsdedemain.net\/wp-content\/uploads\/2026\/01\/DSCN4114-600x450.jpg 600w\" sizes=\"auto, (max-width: 1024px) 100vw, 1024px\" \/><\/figure>\n\n\n\n<figure class=\"wp-block-image size-large\"><img loading=\"lazy\" decoding=\"async\" width=\"1024\" height=\"768\" data-id=\"598\" src=\"https:\/\/parlonsdedemain.net\/wp-content\/uploads\/2026\/01\/DSCN4111-1024x768.jpg\" alt=\"\" class=\"wp-image-598\" srcset=\"https:\/\/parlonsdedemain.net\/wp-content\/uploads\/2026\/01\/DSCN4111-1024x768.jpg 1024w, https:\/\/parlonsdedemain.net\/wp-content\/uploads\/2026\/01\/DSCN4111-300x225.jpg 300w, https:\/\/parlonsdedemain.net\/wp-content\/uploads\/2026\/01\/DSCN4111-768x576.jpg 768w, https:\/\/parlonsdedemain.net\/wp-content\/uploads\/2026\/01\/DSCN4111-1536x1152.jpg 1536w, https:\/\/parlonsdedemain.net\/wp-content\/uploads\/2026\/01\/DSCN4111-2048x1536.jpg 2048w, https:\/\/parlonsdedemain.net\/wp-content\/uploads\/2026\/01\/DSCN4111-600x450.jpg 600w\" sizes=\"auto, (max-width: 1024px) 100vw, 1024px\" \/><\/figure>\n\n\n\n<figure class=\"wp-block-image size-large\"><img loading=\"lazy\" decoding=\"async\" width=\"768\" height=\"1024\" data-id=\"596\" src=\"https:\/\/parlonsdedemain.net\/wp-content\/uploads\/2026\/01\/DSCN4109-scaled-e1769166714759-768x1024.jpg\" alt=\"\" class=\"wp-image-596\" srcset=\"https:\/\/parlonsdedemain.net\/wp-content\/uploads\/2026\/01\/DSCN4109-scaled-e1769166714759-768x1024.jpg 768w, https:\/\/parlonsdedemain.net\/wp-content\/uploads\/2026\/01\/DSCN4109-scaled-e1769166714759-225x300.jpg 225w, https:\/\/parlonsdedemain.net\/wp-content\/uploads\/2026\/01\/DSCN4109-scaled-e1769166714759-1152x1536.jpg 1152w, https:\/\/parlonsdedemain.net\/wp-content\/uploads\/2026\/01\/DSCN4109-scaled-e1769166714759-1536x2048.jpg 1536w, https:\/\/parlonsdedemain.net\/wp-content\/uploads\/2026\/01\/DSCN4109-scaled-e1769166714759.jpg 1920w\" sizes=\"auto, (max-width: 768px) 100vw, 768px\" \/><\/figure>\n\n\n\n<figure class=\"wp-block-image size-large\"><img loading=\"lazy\" decoding=\"async\" width=\"768\" height=\"1024\" data-id=\"595\" src=\"https:\/\/parlonsdedemain.net\/wp-content\/uploads\/2026\/01\/DSCN4108-768x1024.jpg\" alt=\"\" class=\"wp-image-595\" srcset=\"https:\/\/parlonsdedemain.net\/wp-content\/uploads\/2026\/01\/DSCN4108-768x1024.jpg 768w, https:\/\/parlonsdedemain.net\/wp-content\/uploads\/2026\/01\/DSCN4108-225x300.jpg 225w, https:\/\/parlonsdedemain.net\/wp-content\/uploads\/2026\/01\/DSCN4108-1152x1536.jpg 1152w, https:\/\/parlonsdedemain.net\/wp-content\/uploads\/2026\/01\/DSCN4108-1536x2048.jpg 1536w, https:\/\/parlonsdedemain.net\/wp-content\/uploads\/2026\/01\/DSCN4108-scaled.jpg 1920w\" sizes=\"auto, (max-width: 768px) 100vw, 768px\" \/><\/figure>\n\n\n\n<figure class=\"wp-block-image size-large\"><img loading=\"lazy\" decoding=\"async\" width=\"768\" height=\"1024\" data-id=\"594\" src=\"https:\/\/parlonsdedemain.net\/wp-content\/uploads\/2026\/01\/DSCN4107-768x1024.jpg\" alt=\"\" class=\"wp-image-594\" srcset=\"https:\/\/parlonsdedemain.net\/wp-content\/uploads\/2026\/01\/DSCN4107-768x1024.jpg 768w, https:\/\/parlonsdedemain.net\/wp-content\/uploads\/2026\/01\/DSCN4107-225x300.jpg 225w, https:\/\/parlonsdedemain.net\/wp-content\/uploads\/2026\/01\/DSCN4107-1152x1536.jpg 1152w, https:\/\/parlonsdedemain.net\/wp-content\/uploads\/2026\/01\/DSCN4107-1536x2048.jpg 1536w, https:\/\/parlonsdedemain.net\/wp-content\/uploads\/2026\/01\/DSCN4107-scaled.jpg 1920w\" sizes=\"auto, (max-width: 768px) 100vw, 768px\" \/><\/figure>\n\n\n\n<figure class=\"wp-block-image size-large\"><img loading=\"lazy\" decoding=\"async\" width=\"1024\" height=\"768\" data-id=\"589\" src=\"https:\/\/parlonsdedemain.net\/wp-content\/uploads\/2026\/01\/DSCN4101-1024x768.jpg\" alt=\"\" class=\"wp-image-589\" srcset=\"https:\/\/parlonsdedemain.net\/wp-content\/uploads\/2026\/01\/DSCN4101-1024x768.jpg 1024w, https:\/\/parlonsdedemain.net\/wp-content\/uploads\/2026\/01\/DSCN4101-300x225.jpg 300w, https:\/\/parlonsdedemain.net\/wp-content\/uploads\/2026\/01\/DSCN4101-768x576.jpg 768w, https:\/\/parlonsdedemain.net\/wp-content\/uploads\/2026\/01\/DSCN4101-1536x1152.jpg 1536w, https:\/\/parlonsdedemain.net\/wp-content\/uploads\/2026\/01\/DSCN4101-2048x1536.jpg 2048w, https:\/\/parlonsdedemain.net\/wp-content\/uploads\/2026\/01\/DSCN4101-600x450.jpg 600w\" sizes=\"auto, (max-width: 1024px) 100vw, 1024px\" \/><\/figure>\n\n\n\n<figure class=\"wp-block-image size-large\"><img loading=\"lazy\" decoding=\"async\" width=\"768\" height=\"1024\" data-id=\"601\" src=\"https:\/\/parlonsdedemain.net\/wp-content\/uploads\/2026\/01\/DSCN4118-scaled-e1769166661718-768x1024.jpg\" alt=\"\" class=\"wp-image-601\" srcset=\"https:\/\/parlonsdedemain.net\/wp-content\/uploads\/2026\/01\/DSCN4118-scaled-e1769166661718-768x1024.jpg 768w, https:\/\/parlonsdedemain.net\/wp-content\/uploads\/2026\/01\/DSCN4118-scaled-e1769166661718-225x300.jpg 225w, https:\/\/parlonsdedemain.net\/wp-content\/uploads\/2026\/01\/DSCN4118-scaled-e1769166661718-1152x1536.jpg 1152w, https:\/\/parlonsdedemain.net\/wp-content\/uploads\/2026\/01\/DSCN4118-scaled-e1769166661718-1536x2048.jpg 1536w, https:\/\/parlonsdedemain.net\/wp-content\/uploads\/2026\/01\/DSCN4118-scaled-e1769166661718.jpg 1920w\" sizes=\"auto, (max-width: 768px) 100vw, 768px\" \/><\/figure>\n\n\n\n<figure class=\"wp-block-image size-large\"><img loading=\"lazy\" decoding=\"async\" width=\"1024\" height=\"768\" data-id=\"585\" src=\"https:\/\/parlonsdedemain.net\/wp-content\/uploads\/2026\/01\/DSCN4095-1024x768.jpg\" alt=\"\" class=\"wp-image-585\" srcset=\"https:\/\/parlonsdedemain.net\/wp-content\/uploads\/2026\/01\/DSCN4095-1024x768.jpg 1024w, https:\/\/parlonsdedemain.net\/wp-content\/uploads\/2026\/01\/DSCN4095-300x225.jpg 300w, https:\/\/parlonsdedemain.net\/wp-content\/uploads\/2026\/01\/DSCN4095-768x576.jpg 768w, https:\/\/parlonsdedemain.net\/wp-content\/uploads\/2026\/01\/DSCN4095-1536x1152.jpg 1536w, https:\/\/parlonsdedemain.net\/wp-content\/uploads\/2026\/01\/DSCN4095-2048x1536.jpg 2048w, https:\/\/parlonsdedemain.net\/wp-content\/uploads\/2026\/01\/DSCN4095-600x450.jpg 600w\" sizes=\"auto, (max-width: 1024px) 100vw, 1024px\" \/><\/figure>\n<\/figure>\n","protected":false},"excerpt":{"rendered":"","protected":false},"author":1,"featured_media":0,"parent":0,"menu_order":0,"comment_status":"closed","ping_status":"closed","template":"","meta":{"footnotes":""},"class_list":["post-608","page","type-page","status-publish","hentry","comments-off"],"_links":{"self":[{"href":"https:\/\/parlonsdedemain.net\/index.php\/wp-json\/wp\/v2\/pages\/608","targetHints":{"allow":["GET"]}}],"collection":[{"href":"https:\/\/parlonsdedemain.net\/index.php\/wp-json\/wp\/v2\/pages"}],"about":[{"href":"https:\/\/parlonsdedemain.net\/index.php\/wp-json\/wp\/v2\/types\/page"}],"author":[{"embeddable":true,"href":"https:\/\/parlonsdedemain.net\/index.php\/wp-json\/wp\/v2\/users\/1"}],"replies":[{"embeddable":true,"href":"https:\/\/parlonsdedemain.net\/index.php\/wp-json\/wp\/v2\/comments?post=608"}],"version-history":[{"count":2,"href":"https:\/\/parlonsdedemain.net\/index.php\/wp-json\/wp\/v2\/pages\/608\/revisions"}],"predecessor-version":[{"id":611,"href":"https:\/\/parlonsdedemain.net\/index.php\/wp-json\/wp\/v2\/pages\/608\/revisions\/611"}],"wp:attachment":[{"href":"https:\/\/parlonsdedemain.net\/index.php\/wp-json\/wp\/v2\/media?parent=608"}],"curies":[{"name":"wp","href":"https:\/\/api.w.org\/{rel}","templated":true}]}}