{"id":623,"date":"2026-01-23T17:29:15","date_gmt":"2026-01-23T16:29:15","guid":{"rendered":"https:\/\/parlonsdedemain.net\/?page_id=623"},"modified":"2026-01-23T18:30:01","modified_gmt":"2026-01-23T17:30:01","slug":"inondations-en-bouchardais","status":"publish","type":"page","link":"https:\/\/parlonsdedemain.net\/index.php\/inondations-en-bouchardais\/","title":{"rendered":"Inondations en Bouchardais"},"content":{"rendered":"\n<p>Le bourg de L&#8217;Ile Bouchard est r\u00e9guli\u00e8rement inond\u00e9 c&#8217;est pourquoi s&#8217;est constitu\u00e9e l&#8217;association <strong><em>Ensemble et Vigilants face aux inondations dans le Bouchardais<\/em><\/strong> qui a men\u00e9 la lutte pour le refus de la d\u00e9viation.<\/p>\n\n\n\n<figure class=\"wp-block-gallery has-nested-images columns-default is-cropped wp-block-gallery-1 is-layout-flex wp-block-gallery-is-layout-flex\">\n<figure class=\"wp-block-image size-large\"><img loading=\"lazy\" decoding=\"async\" width=\"768\" height=\"1024\" data-id=\"672\" src=\"https:\/\/parlonsdedemain.net\/wp-content\/uploads\/2026\/01\/DSCN3437-scaled-e1769188572561-768x1024.jpg\" alt=\"\" class=\"wp-image-672\" srcset=\"https:\/\/parlonsdedemain.net\/wp-content\/uploads\/2026\/01\/DSCN3437-scaled-e1769188572561-768x1024.jpg 768w, https:\/\/parlonsdedemain.net\/wp-content\/uploads\/2026\/01\/DSCN3437-scaled-e1769188572561-225x300.jpg 225w, https:\/\/parlonsdedemain.net\/wp-content\/uploads\/2026\/01\/DSCN3437-scaled-e1769188572561-1152x1536.jpg 1152w, https:\/\/parlonsdedemain.net\/wp-content\/uploads\/2026\/01\/DSCN3437-scaled-e1769188572561-1536x2048.jpg 1536w, https:\/\/parlonsdedemain.net\/wp-content\/uploads\/2026\/01\/DSCN3437-scaled-e1769188572561.jpg 1920w\" sizes=\"auto, (max-width: 768px) 100vw, 768px\" \/><\/figure>\n\n\n\n<figure class=\"wp-block-image size-large\"><img loading=\"lazy\" decoding=\"async\" width=\"1024\" height=\"768\" data-id=\"671\" src=\"https:\/\/parlonsdedemain.net\/wp-content\/uploads\/2026\/01\/DSCN3433-1024x768.jpg\" alt=\"\" class=\"wp-image-671\" srcset=\"https:\/\/parlonsdedemain.net\/wp-content\/uploads\/2026\/01\/DSCN3433-1024x768.jpg 1024w, https:\/\/parlonsdedemain.net\/wp-content\/uploads\/2026\/01\/DSCN3433-300x225.jpg 300w, https:\/\/parlonsdedemain.net\/wp-content\/uploads\/2026\/01\/DSCN3433-768x576.jpg 768w, https:\/\/parlonsdedemain.net\/wp-content\/uploads\/2026\/01\/DSCN3433-1536x1152.jpg 1536w, https:\/\/parlonsdedemain.net\/wp-content\/uploads\/2026\/01\/DSCN3433-2048x1536.jpg 2048w, https:\/\/parlonsdedemain.net\/wp-content\/uploads\/2026\/01\/DSCN3433-600x450.jpg 600w\" sizes=\"auto, (max-width: 1024px) 100vw, 1024px\" \/><\/figure>\n\n\n\n<figure class=\"wp-block-image size-large\"><img loading=\"lazy\" decoding=\"async\" width=\"1024\" height=\"768\" data-id=\"673\" src=\"https:\/\/parlonsdedemain.net\/wp-content\/uploads\/2026\/01\/DSCN3438-1024x768.jpg\" alt=\"\" class=\"wp-image-673\" srcset=\"https:\/\/parlonsdedemain.net\/wp-content\/uploads\/2026\/01\/DSCN3438-1024x768.jpg 1024w, https:\/\/parlonsdedemain.net\/wp-content\/uploads\/2026\/01\/DSCN3438-300x225.jpg 300w, https:\/\/parlonsdedemain.net\/wp-content\/uploads\/2026\/01\/DSCN3438-768x576.jpg 768w, https:\/\/parlonsdedemain.net\/wp-content\/uploads\/2026\/01\/DSCN3438-1536x1152.jpg 1536w, https:\/\/parlonsdedemain.net\/wp-content\/uploads\/2026\/01\/DSCN3438-2048x1536.jpg 2048w, https:\/\/parlonsdedemain.net\/wp-content\/uploads\/2026\/01\/DSCN3438-600x450.jpg 600w\" sizes=\"auto, (max-width: 1024px) 100vw, 1024px\" \/><\/figure>\n\n\n\n<figure class=\"wp-block-image size-large\"><img loading=\"lazy\" decoding=\"async\" width=\"1024\" height=\"768\" data-id=\"670\" src=\"https:\/\/parlonsdedemain.net\/wp-content\/uploads\/2026\/01\/DSCN3432-1024x768.jpg\" alt=\"\" class=\"wp-image-670\" srcset=\"https:\/\/parlonsdedemain.net\/wp-content\/uploads\/2026\/01\/DSCN3432-1024x768.jpg 1024w, https:\/\/parlonsdedemain.net\/wp-content\/uploads\/2026\/01\/DSCN3432-300x225.jpg 300w, https:\/\/parlonsdedemain.net\/wp-content\/uploads\/2026\/01\/DSCN3432-768x576.jpg 768w, https:\/\/parlonsdedemain.net\/wp-content\/uploads\/2026\/01\/DSCN3432-1536x1152.jpg 1536w, https:\/\/parlonsdedemain.net\/wp-content\/uploads\/2026\/01\/DSCN3432-2048x1536.jpg 2048w, https:\/\/parlonsdedemain.net\/wp-content\/uploads\/2026\/01\/DSCN3432-600x450.jpg 600w\" sizes=\"auto, (max-width: 1024px) 100vw, 1024px\" \/><\/figure>\n\n\n\n<figure class=\"wp-block-image size-large\"><img loading=\"lazy\" decoding=\"async\" width=\"1024\" height=\"768\" data-id=\"668\" src=\"https:\/\/parlonsdedemain.net\/wp-content\/uploads\/2026\/01\/DSCN3429-1024x768.jpg\" alt=\"\" class=\"wp-image-668\" srcset=\"https:\/\/parlonsdedemain.net\/wp-content\/uploads\/2026\/01\/DSCN3429-1024x768.jpg 1024w, https:\/\/parlonsdedemain.net\/wp-content\/uploads\/2026\/01\/DSCN3429-300x225.jpg 300w, https:\/\/parlonsdedemain.net\/wp-content\/uploads\/2026\/01\/DSCN3429-768x576.jpg 768w, https:\/\/parlonsdedemain.net\/wp-content\/uploads\/2026\/01\/DSCN3429-1536x1152.jpg 1536w, https:\/\/parlonsdedemain.net\/wp-content\/uploads\/2026\/01\/DSCN3429-2048x1536.jpg 2048w, https:\/\/parlonsdedemain.net\/wp-content\/uploads\/2026\/01\/DSCN3429-600x450.jpg 600w\" sizes=\"auto, (max-width: 1024px) 100vw, 1024px\" \/><\/figure>\n\n\n\n<figure class=\"wp-block-image size-large\"><img loading=\"lazy\" decoding=\"async\" width=\"1024\" height=\"768\" data-id=\"667\" src=\"https:\/\/parlonsdedemain.net\/wp-content\/uploads\/2026\/01\/DSCN3427-1024x768.jpg\" alt=\"\" class=\"wp-image-667\" srcset=\"https:\/\/parlonsdedemain.net\/wp-content\/uploads\/2026\/01\/DSCN3427-1024x768.jpg 1024w, https:\/\/parlonsdedemain.net\/wp-content\/uploads\/2026\/01\/DSCN3427-300x225.jpg 300w, https:\/\/parlonsdedemain.net\/wp-content\/uploads\/2026\/01\/DSCN3427-768x576.jpg 768w, https:\/\/parlonsdedemain.net\/wp-content\/uploads\/2026\/01\/DSCN3427-1536x1152.jpg 1536w, https:\/\/parlonsdedemain.net\/wp-content\/uploads\/2026\/01\/DSCN3427-2048x1536.jpg 2048w, https:\/\/parlonsdedemain.net\/wp-content\/uploads\/2026\/01\/DSCN3427-600x450.jpg 600w\" sizes=\"auto, (max-width: 1024px) 100vw, 1024px\" \/><\/figure>\n\n\n\n<figure class=\"wp-block-image size-large\"><img loading=\"lazy\" decoding=\"async\" width=\"1024\" height=\"768\" data-id=\"664\" src=\"https:\/\/parlonsdedemain.net\/wp-content\/uploads\/2026\/01\/DSCN3418-1024x768.jpg\" alt=\"\" class=\"wp-image-664\" srcset=\"https:\/\/parlonsdedemain.net\/wp-content\/uploads\/2026\/01\/DSCN3418-1024x768.jpg 1024w, https:\/\/parlonsdedemain.net\/wp-content\/uploads\/2026\/01\/DSCN3418-300x225.jpg 300w, https:\/\/parlonsdedemain.net\/wp-content\/uploads\/2026\/01\/DSCN3418-768x576.jpg 768w, https:\/\/parlonsdedemain.net\/wp-content\/uploads\/2026\/01\/DSCN3418-1536x1152.jpg 1536w, https:\/\/parlonsdedemain.net\/wp-content\/uploads\/2026\/01\/DSCN3418-2048x1536.jpg 2048w, https:\/\/parlonsdedemain.net\/wp-content\/uploads\/2026\/01\/DSCN3418-600x450.jpg 600w\" sizes=\"auto, (max-width: 1024px) 100vw, 1024px\" \/><\/figure>\n\n\n\n<figure class=\"wp-block-image size-large\"><img loading=\"lazy\" decoding=\"async\" width=\"1024\" height=\"768\" data-id=\"663\" src=\"https:\/\/parlonsdedemain.net\/wp-content\/uploads\/2026\/01\/DSCN3417-1024x768.jpg\" alt=\"\" class=\"wp-image-663\" srcset=\"https:\/\/parlonsdedemain.net\/wp-content\/uploads\/2026\/01\/DSCN3417-1024x768.jpg 1024w, https:\/\/parlonsdedemain.net\/wp-content\/uploads\/2026\/01\/DSCN3417-300x225.jpg 300w, https:\/\/parlonsdedemain.net\/wp-content\/uploads\/2026\/01\/DSCN3417-768x576.jpg 768w, https:\/\/parlonsdedemain.net\/wp-content\/uploads\/2026\/01\/DSCN3417-1536x1152.jpg 1536w, https:\/\/parlonsdedemain.net\/wp-content\/uploads\/2026\/01\/DSCN3417-2048x1536.jpg 2048w, https:\/\/parlonsdedemain.net\/wp-content\/uploads\/2026\/01\/DSCN3417-600x450.jpg 600w\" sizes=\"auto, (max-width: 1024px) 100vw, 1024px\" \/><\/figure>\n\n\n\n<figure class=\"wp-block-image size-large\"><img loading=\"lazy\" decoding=\"async\" width=\"1024\" height=\"768\" data-id=\"661\" src=\"https:\/\/parlonsdedemain.net\/wp-content\/uploads\/2026\/01\/DSCN3415-1024x768.jpg\" alt=\"\" class=\"wp-image-661\" srcset=\"https:\/\/parlonsdedemain.net\/wp-content\/uploads\/2026\/01\/DSCN3415-1024x768.jpg 1024w, https:\/\/parlonsdedemain.net\/wp-content\/uploads\/2026\/01\/DSCN3415-300x225.jpg 300w, https:\/\/parlonsdedemain.net\/wp-content\/uploads\/2026\/01\/DSCN3415-768x576.jpg 768w, https:\/\/parlonsdedemain.net\/wp-content\/uploads\/2026\/01\/DSCN3415-1536x1152.jpg 1536w, https:\/\/parlonsdedemain.net\/wp-content\/uploads\/2026\/01\/DSCN3415-2048x1536.jpg 2048w, https:\/\/parlonsdedemain.net\/wp-content\/uploads\/2026\/01\/DSCN3415-600x450.jpg 600w\" sizes=\"auto, (max-width: 1024px) 100vw, 1024px\" \/><\/figure>\n\n\n\n<figure class=\"wp-block-image size-large\"><img loading=\"lazy\" decoding=\"async\" width=\"768\" height=\"1024\" data-id=\"659\" src=\"https:\/\/parlonsdedemain.net\/wp-content\/uploads\/2026\/01\/DSCN3414-scaled-e1769188448610-768x1024.jpg\" alt=\"\" class=\"wp-image-659\" srcset=\"https:\/\/parlonsdedemain.net\/wp-content\/uploads\/2026\/01\/DSCN3414-scaled-e1769188448610-768x1024.jpg 768w, https:\/\/parlonsdedemain.net\/wp-content\/uploads\/2026\/01\/DSCN3414-scaled-e1769188448610-225x300.jpg 225w, https:\/\/parlonsdedemain.net\/wp-content\/uploads\/2026\/01\/DSCN3414-scaled-e1769188448610-1152x1536.jpg 1152w, https:\/\/parlonsdedemain.net\/wp-content\/uploads\/2026\/01\/DSCN3414-scaled-e1769188448610-1536x2048.jpg 1536w, https:\/\/parlonsdedemain.net\/wp-content\/uploads\/2026\/01\/DSCN3414-scaled-e1769188448610.jpg 1920w\" sizes=\"auto, (max-width: 768px) 100vw, 768px\" \/><\/figure>\n\n\n\n<figure class=\"wp-block-image size-large\"><img loading=\"lazy\" decoding=\"async\" width=\"800\" height=\"600\" data-id=\"656\" src=\"https:\/\/parlonsdedemain.net\/wp-content\/uploads\/2026\/01\/crue13.jpg\" alt=\"\" class=\"wp-image-656\" srcset=\"https:\/\/parlonsdedemain.net\/wp-content\/uploads\/2026\/01\/crue13.jpg 800w, https:\/\/parlonsdedemain.net\/wp-content\/uploads\/2026\/01\/crue13-300x225.jpg 300w, https:\/\/parlonsdedemain.net\/wp-content\/uploads\/2026\/01\/crue13-768x576.jpg 768w, https:\/\/parlonsdedemain.net\/wp-content\/uploads\/2026\/01\/crue13-600x450.jpg 600w\" sizes=\"auto, (max-width: 800px) 100vw, 800px\" \/><\/figure>\n\n\n\n<figure class=\"wp-block-image size-large\"><img loading=\"lazy\" decoding=\"async\" width=\"800\" height=\"600\" data-id=\"655\" src=\"https:\/\/parlonsdedemain.net\/wp-content\/uploads\/2026\/01\/crue12.jpg\" alt=\"\" class=\"wp-image-655\" srcset=\"https:\/\/parlonsdedemain.net\/wp-content\/uploads\/2026\/01\/crue12.jpg 800w, https:\/\/parlonsdedemain.net\/wp-content\/uploads\/2026\/01\/crue12-300x225.jpg 300w, https:\/\/parlonsdedemain.net\/wp-content\/uploads\/2026\/01\/crue12-768x576.jpg 768w, https:\/\/parlonsdedemain.net\/wp-content\/uploads\/2026\/01\/crue12-600x450.jpg 600w\" sizes=\"auto, (max-width: 800px) 100vw, 800px\" \/><\/figure>\n<\/figure>\n","protected":false},"excerpt":{"rendered":"","protected":false},"author":1,"featured_media":0,"parent":0,"menu_order":0,"comment_status":"closed","ping_status":"closed","template":"","meta":{"footnotes":""},"class_list":["post-623","page","type-page","status-publish","hentry","comments-off"],"_links":{"self":[{"href":"https:\/\/parlonsdedemain.net\/index.php\/wp-json\/wp\/v2\/pages\/623","targetHints":{"allow":["GET"]}}],"collection":[{"href":"https:\/\/parlonsdedemain.net\/index.php\/wp-json\/wp\/v2\/pages"}],"about":[{"href":"https:\/\/parlonsdedemain.net\/index.php\/wp-json\/wp\/v2\/types\/page"}],"author":[{"embeddable":true,"href":"https:\/\/parlonsdedemain.net\/index.php\/wp-json\/wp\/v2\/users\/1"}],"replies":[{"embeddable":true,"href":"https:\/\/parlonsdedemain.net\/index.php\/wp-json\/wp\/v2\/comments?post=623"}],"version-history":[{"count":5,"href":"https:\/\/parlonsdedemain.net\/index.php\/wp-json\/wp\/v2\/pages\/623\/revisions"}],"predecessor-version":[{"id":676,"href":"https:\/\/parlonsdedemain.net\/index.php\/wp-json\/wp\/v2\/pages\/623\/revisions\/676"}],"wp:attachment":[{"href":"https:\/\/parlonsdedemain.net\/index.php\/wp-json\/wp\/v2\/media?parent=623"}],"curies":[{"name":"wp","href":"https:\/\/api.w.org\/{rel}","templated":true}]}}