{"id":848,"date":"2026-04-16T19:52:30","date_gmt":"2026-04-16T17:52:30","guid":{"rendered":"https:\/\/parlonsdedemain.net\/?page_id=848"},"modified":"2026-04-16T22:56:32","modified_gmt":"2026-04-16T20:56:32","slug":"etat-des-lieux","status":"publish","type":"page","link":"https:\/\/parlonsdedemain.net\/index.php\/etat-des-lieux\/","title":{"rendered":"Menaces sur l&#8217;avenir"},"content":{"rendered":"\n<p>Les nuisances dans notre environnement sont multiples. Qu&#8217;elles soient agricoles ou industrielles, les conna\u00eetre, c&#8217;est se rendre conscient des menaces qui p\u00e8sent sur l&#8217;avenir. Pesticides, qualit\u00e9 des eaux, datacenters ou autres pollutions, essayons d&#8217;y voir clair.<\/p>\n\n\n\n<h2 class=\"wp-block-heading\"><strong>Pesticides<\/strong> <\/h2>\n\n\n\n<p>Dans votre commune avec Reporterre et son <a href=\"https:\/\/reporterre.net\/Pesticides-votre-commune-est-elle-exposee-Verifiez-avec-notre-outil-inedit\"><strong>moteur de recherche<\/strong><\/a><\/p>\n\n\n\n<h2 class=\"wp-block-heading\"><strong>Datacenters<\/strong><\/h2>\n\n\n\n<h4 class=\"wp-block-heading\">35 nouveaux data centers d\u2019IA en France<\/h4>\n\n\n\n<p>L\u2019\u00c9lys\u00e9e a d\u00e9voil\u00e9 les r\u00e9gions o\u00f9 ces centres seront implant\u00e9s. Clara Chappaz, ministre en charge de l\u2019Intelligence artificielle avait annonc\u00e9 la mise en service de 35&nbsp;data centers d\u00e9di\u00e9 \u00e0 l\u2019intelligence artificielle&nbsp;en France \u00e0 partir de 2025, lors du sommet international au Grand Palais \u00e0 Paris.<\/p>\n\n\n\n<p><a href=\"https:\/\/www.ouest-france.fr\/\">Ouest-France<\/a> Dylan DUPRAY et <a href=\"https:\/\/www.ouest-france.fr\/redaction\/cyril-petit\/\">Cyril Petit<\/a> (avec <a href=\"https:\/\/www.ouest-france.fr\/redaction\/raphael-fresnais\/\">Rapha\u00ebl Fresnais<\/a>) Publi\u00e9 le 08\/02\/2025<\/p>\n\n\n\n<p>\u00c0 l\u2019occasion du sommet international pour l\u2019action sur l\u2019intelligence artificielle (IA) organis\u00e9 par la France et copr\u00e9sid\u00e9 par <a href=\"https:\/\/www.ouest-france.fr\/reflexion\/point-de-vue\/point-de-vue-linde-une-puissance-qui-compte-0731ca66-e3d5-11ef-95b5-abc03fff97b2\" target=\"_blank\" rel=\"noreferrer noopener\">l\u2019Inde,<\/a> qui se tient actuellement au Grand Palais \u00e0 Paris du jeudi 6&nbsp;f\u00e9vrier au mardi 11&nbsp;f\u00e9vrier 2025, <a href=\"https:\/\/www.ouest-france.fr\/high-tech\/intelligence-artificielle\/entretien-il-faut-une-vision-de-lia-plus-inclusive-qui-inspire-la-confiance-dit-la-ministre-3315df7e-e3bb-11ef-b1f3-9734878e39a5\" target=\"_blank\" rel=\"noreferrer noopener\">Clara Chappaz, ministre charg\u00e9e de l\u2019IA,<\/a> a annonc\u00e9 que 35&nbsp;sites sont <strong>\u00ab&nbsp;pr\u00eats \u00e0 l\u2019emploi&nbsp;\u00bb <\/strong>en France, afin d\u2019accueillir des data centers (centres de donn\u00e9es) pour l\u2019intelligence artificielle.<\/p>\n\n\n\n<h5 class=\"wp-block-heading\" id=\"section-5-ou-seront-implantes-ces-data-centers\">O\u00f9 seront implant\u00e9s ces data centers&nbsp;?<\/h5>\n\n\n\n<p>Ces data centers seront 35&nbsp;&#8211; d\u2019apr\u00e8s la carte fournie par l\u2019\u00c9lys\u00e9e -, implant\u00e9s dans neuf r\u00e9gions fran\u00e7aises&nbsp;: Hauts-de-France (8&nbsp;centres), Normandie (2&nbsp;centres), \u00cele-de-France (7&nbsp;centres), Centre-Val de Loire (3&nbsp;centres), Nouvelle-Aquitaine (1&nbsp;centre), Grand Est (7&nbsp;centres), Bourgogne-Franche-Comt\u00e9 (1&nbsp;centre), Auvergne-Rh\u00f4ne-Alpes (4&nbsp;centres), Provence-Alpes-C\u00f4te d\u2019Azur (2&nbsp;centres). Il n\u2019y en aura ni en Bretagne ni en Pays de la Loire.<\/p>\n\n\n\n<p><strong>\u00ab&nbsp;Certains sont pr\u00eats tout de suite, d\u2019autres le seront d\u2019ici 18 \u00e0 24&nbsp;mois&nbsp;\u00bb, <\/strong>a confi\u00e9 Emmanuel Macron, lors d\u2019une rencontre avec une quinzaine de journalistes de la presse \u00e9crite fran\u00e7aise, dont <em>Ouest-France<\/em>, ce vendredi.<\/p>\n\n\n\n<figure class=\"wp-block-image size-large\"><img loading=\"lazy\" decoding=\"async\" width=\"940\" height=\"1024\" src=\"https:\/\/parlonsdedemain.net\/wp-content\/uploads\/2026\/04\/image-940x1024.png\" alt=\"\" class=\"wp-image-854\" srcset=\"https:\/\/parlonsdedemain.net\/wp-content\/uploads\/2026\/04\/image-940x1024.png 940w, https:\/\/parlonsdedemain.net\/wp-content\/uploads\/2026\/04\/image-276x300.png 276w, https:\/\/parlonsdedemain.net\/wp-content\/uploads\/2026\/04\/image-768x836.png 768w, https:\/\/parlonsdedemain.net\/wp-content\/uploads\/2026\/04\/image.png 1260w\" sizes=\"auto, (max-width: 940px) 100vw, 940px\" \/><\/figure>\n\n\n\n<h4 class=\"wp-block-heading\">Les data centers se multiplient pour r\u00e9pondre aux besoins de l\u2019IA<\/h4>\n\n\n\n<p>    <strong><a href=\"https:\/\/reporterre.net\/Data-centers-un-immense-gachis-de-chaleur\" target=\"_blank\" rel=\"noreferrer noopener\">Carte et article de Reporterre<\/a>  <\/strong>Par <a href=\"https:\/\/reporterre.net\/Erwan-Manac-h\">Erwan Manac\u2019h<\/a> 10 avril 2025<\/p>\n\n\n\n<p>\u00c9nergivores, ils produisent une quantit\u00e9 de chaleur colossale qui pourrait \u00eatre r\u00e9cup\u00e9r\u00e9e, mais rien n\u2019est fait.<\/p>\n\n\n\n<p>Aux abords des villes, les data centers poussent comme des champignons. La France compte d\u00e9j\u00e0 300 de ces entrep\u00f4ts o\u00f9 s\u2019alignent des serveurs informatiques. Et ce nombre va encore grandir&nbsp;: le gouvernement vient d\u2019annoncer 35 nouveaux projets de centres <a href=\"https:\/\/www.ouest-france.fr\/high-tech\/intelligence-artificielle\/carte-decouvrez-les-regions-qui-accueilleront-les-35-nouveaux-data-centers-dia-en-france-2b882674-e553-11ef-a721-b0bb668bdebd\" target=\"_blank\" rel=\"noreferrer noopener\">annoncer 35&nbsp;nouveaux projets de centres<\/a> et <a href=\"https:\/\/reporterre.net\/Loi-de-Simplification-l-Etat-use-de-la-politique-de-la-tronconneuse-de-Trump\">le projet de loi Simplification<\/a>, examin\u00e9 \u00e0 l\u2019Assembl\u00e9e nationale jusqu\u2019au vendredi 11&nbsp;avril, doit modifier le Code de l\u2019urbanisme pour donner les coud\u00e9es franches au secteur&nbsp;: d\u00e9lais de consultation raccourcis, d\u00e9rogations environnementales, communes \u00e9cart\u00e9es de la r\u00e9daction des plans d\u2019urbanisme\u2026 L\u2019\u00c9tat pourra passer en force sur les projets de data centers, qui seront estampill\u00e9s <em>\u00ab<small>&nbsp;<\/small>d\u2019int\u00e9r\u00eat national majeur<small>&nbsp;<\/small>\u00bb<\/em>.<\/p>\n\n\n\n<h4 class=\"wp-block-heading\">La carte des centres install\u00e9s<\/h4>\n\n\n\n<p><a href=\"https:\/\/carte.dcmag.fr\/\" target=\"_blank\" rel=\"noreferrer noopener\"><strong>carte des centres en France<\/strong><\/a> ou en anglais <a href=\"https:\/\/www.datacentermap.com\/france\/\" target=\"_blank\" rel=\"noreferrer noopener\"><strong>Data Center Map<\/strong><\/a><\/p>\n","protected":false},"excerpt":{"rendered":"","protected":false},"author":1,"featured_media":0,"parent":0,"menu_order":0,"comment_status":"closed","ping_status":"closed","template":"","meta":{"footnotes":""},"class_list":["post-848","page","type-page","status-publish","hentry","comments-off"],"_links":{"self":[{"href":"https:\/\/parlonsdedemain.net\/index.php\/wp-json\/wp\/v2\/pages\/848","targetHints":{"allow":["GET"]}}],"collection":[{"href":"https:\/\/parlonsdedemain.net\/index.php\/wp-json\/wp\/v2\/pages"}],"about":[{"href":"https:\/\/parlonsdedemain.net\/index.php\/wp-json\/wp\/v2\/types\/page"}],"author":[{"embeddable":true,"href":"https:\/\/parlonsdedemain.net\/index.php\/wp-json\/wp\/v2\/users\/1"}],"replies":[{"embeddable":true,"href":"https:\/\/parlonsdedemain.net\/index.php\/wp-json\/wp\/v2\/comments?post=848"}],"version-history":[{"count":13,"href":"https:\/\/parlonsdedemain.net\/index.php\/wp-json\/wp\/v2\/pages\/848\/revisions"}],"predecessor-version":[{"id":868,"href":"https:\/\/parlonsdedemain.net\/index.php\/wp-json\/wp\/v2\/pages\/848\/revisions\/868"}],"wp:attachment":[{"href":"https:\/\/parlonsdedemain.net\/index.php\/wp-json\/wp\/v2\/media?parent=848"}],"curies":[{"name":"wp","href":"https:\/\/api.w.org\/{rel}","templated":true}]}}